{"id":2278,"date":"2025-01-02T19:58:28","date_gmt":"2025-01-02T18:58:28","guid":{"rendered":"https:\/\/simon.blog\/de\/?page_id=2278"},"modified":"2025-07-05T14:51:09","modified_gmt":"2025-07-05T12:51:09","slug":"about","status":"publish","type":"page","link":"https:\/\/simon.blog\/de\/about\/","title":{"rendered":"\/about"},"content":{"rendered":"<div class=\"wp-block-image wp-image-1223 size-full\">\n<figure class=\"aligncenter\"><img loading=\"lazy\" decoding=\"async\" width=\"608\" height=\"386\" src=\"https:\/\/simon.blog\/de\/wp-content\/uploads\/sites\/3\/2025\/07\/simon_2025_mid.jpg\" alt=\"\" class=\"wp-image-6311\" srcset=\"https:\/\/simon.blog\/de\/wp-content\/uploads\/sites\/3\/2025\/07\/simon_2025_mid.jpg 608w, https:\/\/simon.blog\/de\/wp-content\/uploads\/sites\/3\/2025\/07\/simon_2025_mid-300x190.jpg 300w\" sizes=\"auto, (max-width: 608px) 100vw, 608px\" \/><figcaption class=\"wp-element-caption\">Foto von <a href=\"https:\/\/florianziegler.com\">Florian Ziegler<\/a><\/figcaption><\/figure>\n<\/div>\n\n\n<p>Ahoi,<br>ich bin Simon. Wenn ich nach meiner Arbeit&nbsp;gefragt werde, dann f\u00e4llt es mir oft schwer, eine kurze und einfache Antwort zu geben.<br>H\u00e4tte ich einen konventionelleren Weg eingeschlagen und w\u00e4re Pilot, Koch oder Lehrer geworden, dann w\u00e4re ich heute vermutlich nicht mit den verwirrten Blicken derer konfrontiert, die sich nach meinem Beruf&nbsp;erkundigen.<\/p>\n\n\n\n<p>Weil ich mein Geld aber damit verdiene, dass ich mich mit WordPress auskenne und irgendwie daf\u00fcr sorge, dass Websites funktionieren, ernte ich f\u00fcr meine Antwort meist ratlose Blicke. Aktuell habe ich wenigstens einen offiziellen Job-Titel: <em>Senior Product Manager<\/em>. In der Praxis bedeutet das, dass ich mich den ganzen Tag damit besch\u00e4ftige, wie andere Leute ihre Internet-Auftritte bauen und daf\u00fcr manchmal ein wenig in die Zukunft zu sehen versuche.<\/p>\n\n\n\n<p>Im Moment lebe und arbeite ich am Bodensee, bin aber fast jede Woche viele hundert Kilometer mit der Bahn unterwegs und fahre kreuz und quer durch Deutschland. <\/p>\n","protected":false},"excerpt":{"rendered":"<p>Ahoi,ich bin Simon. Wenn ich nach meiner Arbeit&nbsp;gefragt werde, dann f\u00e4llt es mir oft schwer, eine kurze und einfache Antwort zu geben.H\u00e4tte ich einen konventionelleren Weg eingeschlagen und w\u00e4re Pilot, Koch oder Lehrer geworden, dann w\u00e4re ich heute vermutlich nicht mit den verwirrten Blicken derer konfrontiert, die sich nach meinem Beruf&nbsp;erkundigen. Weil ich mein Geld [&hellip;]<\/p>\n","protected":false},"author":1,"featured_media":0,"parent":0,"menu_order":0,"comment_status":"closed","ping_status":"open","template":"","meta":{"webmentions_disabled_pings":false,"webmentions_disabled":false,"footnotes":""},"class_list":["post-2278","page","type-page","status-publish","hentry"],"_links":{"self":[{"href":"https:\/\/simon.blog\/de\/wp-json\/wp\/v2\/pages\/2278","targetHints":{"allow":["GET"]}}],"collection":[{"href":"https:\/\/simon.blog\/de\/wp-json\/wp\/v2\/pages"}],"about":[{"href":"https:\/\/simon.blog\/de\/wp-json\/wp\/v2\/types\/page"}],"author":[{"embeddable":true,"href":"https:\/\/simon.blog\/de\/wp-json\/wp\/v2\/users\/1"}],"replies":[{"embeddable":true,"href":"https:\/\/simon.blog\/de\/wp-json\/wp\/v2\/comments?post=2278"}],"version-history":[{"count":3,"href":"https:\/\/simon.blog\/de\/wp-json\/wp\/v2\/pages\/2278\/revisions"}],"predecessor-version":[{"id":6312,"href":"https:\/\/simon.blog\/de\/wp-json\/wp\/v2\/pages\/2278\/revisions\/6312"}],"wp:attachment":[{"href":"https:\/\/simon.blog\/de\/wp-json\/wp\/v2\/media?parent=2278"}],"curies":[{"name":"wp","href":"https:\/\/api.w.org\/{rel}","templated":true}]}}