{"id":2287,"date":"2025-01-02T23:41:22","date_gmt":"2025-01-02T22:41:22","guid":{"rendered":"https:\/\/simon.blog\/de\/?page_id=2287"},"modified":"2026-01-24T15:45:07","modified_gmt":"2026-01-24T14:45:07","slug":"talks","status":"publish","type":"page","link":"https:\/\/simon.blog\/de\/talks\/","title":{"rendered":"\/talks"},"content":{"rendered":"\n<div class=\"wp-block-group\"><div class=\"wp-block-group__inner-container is-layout-constrained wp-block-group-is-layout-constrained\">\n<h2 class=\"wp-block-heading\" id=\"fair\">Digitale Souver\u00e4nit\u00e4t in der WordPress-Praxis \u2013 die FAIR-Revolution<\/h2>\n\n\n\n<p>In 2025 ist FAIR als dezentrale und von der Community verwaltete Antwort auf die Achillesferse des WordPress-\u00d6kosystems gestartet: das zentrale Update-System. In diesem Vortrag besch\u00e4ftigen wir uns nicht mit dem langweiligen Unterbau und den Hintergr\u00fcnden dieses Projekts, sondern werfen gemeinsam einen Blick auf die spannenden M\u00f6glichkeiten und Chancen, die sich mit FAIR ergeben.<\/p>\n\n\n\n<p>Au\u00dferdem schauen wir uns den einzigen Weg an, das WordPress-Admin-Interface einfach DSGVO-konform zu bekommen.<\/p>\n\n\n\n<h2 class=\"wp-block-heading\" id=\"security-perspektiven\">Neue Perspektiven auf die WordPress-Security f\u00fcr 2026<\/h2>\n\n\n\n<p>WordPress an sich ist relativ sicher. Wer auf seiner Website allerdings Plugins einsetzt vergr\u00f6\u00dfert damit das Risiko f\u00fcr Sicherheitsprobleme dramatisch. Wer eine eigene Website betreibt kann Ma\u00dfnahmen ergreifen um f\u00fcr mehr Sicherheit zu sorgen. Wer Plugins anbietet oder etwa als Agentur WordPress-Websites f\u00fcr andere Betreibt kann zus\u00e4tzlich weitere Ma\u00dfnahmen ergreifen, um f\u00fcr eine sichereres Web zu sorgen.<\/p>\n\n\n\n<p>In diesem Vortrag  geht es unter anderem um:<\/p>\n\n\n\n<ul class=\"wp-block-list\">\n<li>konkrete Ma\u00dfnahmen zum Absichern eigener Websites<\/li>\n\n\n\n<li>Management von Plugin-Sicherheit in Entwicklung und Wartung<\/li>\n\n\n\n<li>Zutatenlisten f\u00fcr digitale Produkte (wie Websites), sogenannte SBOMs <\/li>\n<\/ul>\n\n\n\n<p>Einige dieser Ma\u00dfnahmen werden sp\u00e4testens ab 2027 mit dem <em>Cyber Resilience Act<\/em> sogar verpflichtend.<\/p>\n\n\n\n<h2 class=\"wp-block-heading\" id=\"greener-better-faster\">Greener, Better, Faster, Stronger <\/h2>\n\n\n\n<figure class=\"wp-block-image size-large\"><img decoding=\"async\" src=\"https:\/\/simon.blog\/de\/wp-content\/uploads\/sites\/2\/2024\/05\/greener-1024x575.jpg\" alt=\"Greener, Better, Faster, Stronger \u2013 Wie Websites umweltfreundlicher und zuverl\u00e4ssiger werden\" class=\"wp-image-1568\"\/><\/figure>\n\n\n\n<p>Jede Website verursacht CO2 Emissionen, wenn sie aufgerufen wird. Wie hoch die Emissionen sind, h\u00e4ngt von verschiedenen Faktoren ab.<br>Egal ob wir eine Website selbst gebaut haben, oder nur betreuen. Ob sie mit einem Pagebuilder, dem Classic Editor oder einem Block Theme gebaut wurde. In den meisten F\u00e4llen gibt es m\u00f6gliche Anpassungen, die den CO2-Aussto\u00df reduzieren und WordPress ganz nebenbei auch stabiler, zuverl\u00e4ssiger und leistungsf\u00e4higer machen.<\/p>\n\n\n\n<p>In diesem Workshop besch\u00e4ftigen wir uns sowohl mit solchen Ma\u00dfnahmen, die von Einsteigern ohne tiefere Code-Kenntnisse durchgef\u00fchrt werden k\u00f6nnen, als auch mit aufw\u00e4ndigeren Anpassungen an Hosting, Themes und Konfiguration einer WordPress-Installation.<\/p>\n<\/div><\/div>\n\n\n\n<div class=\"wp-block-group\"><div class=\"wp-block-group__inner-container is-layout-constrained wp-block-group-is-layout-constrained\">\n<h2 class=\"wp-block-heading\" id=\"performance\">WordPress Performance von A bis Z<\/h2>\n\n\n\n<figure class=\"wp-block-image size-large\"><img decoding=\"async\" src=\"https:\/\/simon.blog\/de\/wp-content\/uploads\/sites\/2\/2024\/04\/performance-1024x574.png\" alt=\"\" class=\"wp-image-1565\"\/><\/figure>\n\n\n\n<p>Wie lassen sich mit WordPress hervorragende Ladezeiten erreichen (und wie nicht)? Performance ist ein zentrales Thema f\u00fcr viele Website, denn nicht nur Google nutzt die Ladezeit als Faktor f\u00fcr die Platzierung in den Suchergebnissen, auch Nutzer schlie\u00dfen Websites nach kurzer Zeit, wenn Inhalte nicht schnell genug geladen werden. Performance-Optimierung geht uns alle an!<\/p>\n\n\n\n<p>Welche Stellschrauben sich ein wenig drehen lassen um die Performance einer WordPress-Website deutlich zu verbessern, schauen wir uns in diesem Vortrag gemeinsam an.<\/p>\n<\/div><\/div>\n\n\n\n<div class=\"wp-block-group\"><div class=\"wp-block-group__inner-container is-layout-constrained wp-block-group-is-layout-constrained\">\n<h2 class=\"wp-block-heading\" id=\"security\">WordPress Login-Security<\/h2>\n\n\n\n<figure class=\"wp-block-image size-large\"><img decoding=\"async\" src=\"https:\/\/simon.blog\/de\/wp-content\/uploads\/sites\/2\/2023\/05\/login-security-1024x574.png\" alt=\"\" class=\"wp-image-1555\"\/><\/figure>\n\n\n\n<p>Der Login-Bereich von WordPress ist aus Sicht der Sicherheit fast zwangsl\u00e4ufig eine Schwachstelle. Alles und Jede*r mit einer groben Vorstellung von Benutzername und\/oder Passwort stehen von hier aus die innersten Geheimnisse einer Installation offen. Mit Admin-Rechten ausgestattet, k\u00f6nnen grundlegende \u00c4nderungen an Plugins, Aussehen und Inhalt einer Website vorgenommen werden. Dieser Vortrag besch\u00e4ftigt sich mit einigen einfachen und effektiven Gegenma\u00dfnahmen.<\/p>\n<\/div><\/div>\n\n\n\n<div class=\"wp-block-group\"><div class=\"wp-block-group__inner-container is-layout-constrained wp-block-group-is-layout-constrained\">\n<h2 class=\"wp-block-heading\">WordPress Multisite<\/h2>\n\n\n\n<figure class=\"wp-block-image size-large\"><img decoding=\"async\" src=\"https:\/\/simon.blog\/de\/wp-content\/uploads\/sites\/2\/2023\/05\/wordpress-multisite-1024x574.png\" alt=\"\" class=\"wp-image-1558\"\/><\/figure>\n\n\n\n<p>WordPress ist \u2013 und das ziemlich heimlich \u2013 in der Lage, aus einer einzigen Installation heraus mehrere Websites zu betreiben. Je nach Wunsch k\u00f6nnen die unter einer gemeinsamen Domain laufen, eigene Subdomains oder komplett unterschiedliche Domains haben.<\/p>\n<\/div><\/div>\n\n\n\n<div class=\"wp-block-group\"><div class=\"wp-block-group__inner-container is-layout-constrained wp-block-group-is-layout-constrained\">\n<h2 class=\"wp-block-heading\">WordPress gesund halten<\/h2>\n\n\n\n<figure class=\"wp-block-image size-large\"><img decoding=\"async\" src=\"https:\/\/simon.blog\/de\/wp-content\/uploads\/sites\/2\/2023\/05\/wordpress-gesund-halten-1024x577.png\" alt=\"\" class=\"wp-image-1556\"\/><\/figure>\n\n\n\n<p>Egal ob statische Firmen-Website oder regelm\u00e4\u00dfig gepflegtes Blog. Alle WordPress-Websites brauchen regelm\u00e4\u00dfig ein wenig Liebe und Aufmerksamkeit. So l\u00e4sst sich verhindern, dass sie mit der Zeit langsam, unsicher und unansehnlich werden.&nbsp;Neben Grundlagen wie regelm\u00e4\u00dfigen Updates und Backups gibt es eine ganze Reihe von Aufgaben, die beachtet werden wollen.<\/p>\n<\/div><\/div>\n\n\n\n<div class=\"wp-block-group\"><div class=\"wp-block-group__inner-container is-layout-constrained wp-block-group-is-layout-constrained\">\n<h2 class=\"wp-block-heading\">\u201eF\u00fcr Web speichern\u201c \u2013 Bildoptimierung im 21. Jahrhundert<\/h2>\n\n\n\n<figure class=\"wp-block-image size-large\"><img decoding=\"async\" src=\"https:\/\/simon.blog\/de\/wp-content\/uploads\/sites\/2\/2023\/05\/bildoptimierung-1024x572.png\" alt=\"\" class=\"wp-image-1561\"\/><\/figure>\n\n\n\n<p>Seit den fr\u00fchen Tagen des Webs geh\u00f6ren Bilder zum Inventar. Wie haben sich Bildformate im Laufe der letzten knapp 30 Jahre gewandelt? Und wie hilft uns dieses Wissen heute, bessere und schnellere Websites zu bauen?&nbsp;<\/p>\n\n\n\n<p>Diesen Fragen und einem Blick in die Zukunft widmet sich dieser Talk.<\/p>\n<\/div><\/div>\n\n\n\n<div class=\"wp-block-group\"><div class=\"wp-block-group__inner-container is-layout-constrained wp-block-group-is-layout-constrained\">\n<h2 class=\"wp-block-heading\">Making Connections<\/h2>\n\n\n\n<figure class=\"wp-block-image size-large\"><img decoding=\"async\" src=\"https:\/\/simon.blog\/de\/wp-content\/uploads\/sites\/2\/2023\/05\/making-connections-1024x573.png\" alt=\"\" class=\"wp-image-1552\"\/><\/figure>\n\n\n\n<p>Auf einem WordCamp im Jahr 2011 kam Simon zum ersten Mal mit anderen WordPress-Leuten in Kontakt. Ein Jahr sp\u00e4ter startete er sein erstes lokales Meetup und hat nie damit aufgeh\u00f6rt. Jetzt, zehn Jahre sp\u00e4ter, nach mehr als 150 moderierten Pr\u00e4senz-, Online- und Hybrid-Veranstaltungen, blickt Simon auf eines der lohnendsten und sch\u00f6nsten Hobbys zur\u00fcck, das er sich w\u00fcnschen konnte.<\/p>\n<\/div><\/div>\n\n\n\n<div class=\"wp-block-group\"><div class=\"wp-block-group__inner-container is-layout-constrained wp-block-group-is-layout-constrained\">\n<h2 class=\"wp-block-heading\">Der WP Block-Editor<\/h2>\n\n\n\n<figure class=\"wp-block-image\"><img decoding=\"async\" src=\"https:\/\/simon.blog\/de\/wp-content\/uploads\/sites\/2\/2018\/01\/wp-block-editor.png\" alt=\"\" class=\"wp-image-1304\"\/><\/figure>\n\n\n\n<p>Mit WordPress 5.0 wird ein neuer Inhaltseditor das Licht der Welt erblicken. In diesem Vortrag unternehmen wir einen kleinen Ausflug in die Tiefen des neuen Editors, lernen \u00fcber Inhaltsbl\u00f6cke kennen, sehen uns die Umstellung bestehender Inhalte an und sprechen \u00fcber Kontroversen w\u00e4hrend der Entwicklung des &#8222;Gutenberg&#8220; genannten Projekts, das mehr als nur den WordPress Editor ver\u00e4ndern soll.<\/p>\n\n\n\n<p><a href=\"https:\/\/simon.blog\/de\/talks\/block-editor\/\" data-type=\"page\" data-id=\"2297\">weiterlesen<\/a><\/p>\n<\/div><\/div>\n\n\n\n<div class=\"wp-block-group\"><div class=\"wp-block-group__inner-container is-layout-constrained wp-block-group-is-layout-constrained\">\n<h2 class=\"wp-block-heading\">Child-Themes, WordPress richtig anpassen<\/h2>\n\n\n\n<figure class=\"wp-block-image\"><img decoding=\"async\" src=\"https:\/\/simon.blog\/de\/wp-content\/uploads\/sites\/2\/2017\/10\/child-themes-1024x576.jpeg\" alt=\"\" class=\"wp-image-1273\"\/><\/figure>\n\n\n\n<p>F\u00fcr Design-Anpassungen jeder Gr\u00f6\u00dfe und Art sind Child-Themes in WordPress nach wie vor die erste Wahl. Weil vorgefertigte Themes nie zu 100% passen, erlauben Child-Themes Anpassungen, ohne direkte Ver\u00e4nderungen am Code des eigentlichen Themes zu ermorden. Somit verbauen sich Anwenderinnen und Anwender nicht die M\u00f6glichkeit, ihre Themes von WordPress.org oder kommerziellen Entwicklern, in Zukunft zu aktualisieren.<\/p>\n\n\n\n<p><a href=\"https:\/\/simon.blog\/de\/talks\/child-themes\/\" data-type=\"page\" data-id=\"2295\">weiterlesen<\/a><\/p>\n<\/div><\/div>\n\n\n\n<div class=\"wp-block-group\"><div class=\"wp-block-group__inner-container is-layout-constrained wp-block-group-is-layout-constrained\">\n<h2 class=\"wp-block-heading\">AMP &#8211; Like Dynamite<\/h2>\n\n\n\n<figure class=\"wp-block-image\"><img decoding=\"async\" src=\"https:\/\/simon.blog\/de\/wp-content\/uploads\/sites\/2\/2018\/11\/amp_cover-1024x576.png\" alt=\"\" class=\"wp-image-1403\"\/><\/figure>\n\n\n\n<p>W\u00e4hrend Websites von Jahr zu Jahr gr\u00f6\u00dfer und langsamer werden, versucht Google mit AMP eine eingedampfte Version von HTML zu forcieren. Was sich nach einem Eingriff des Suchmaschinen-Giganten in unser Open-Source-\u00d6kosystem anf\u00fchlt, k\u00f6nnte sich als gro\u00dfe Hilfe f\u00fcr das freie Web erweisen.<\/p>\n\n\n\n<p class=\"has-text-align-left\"><a href=\"https:\/\/simon.blog\/de\/talks\/amp\/\" data-type=\"page\" data-id=\"2293\">weiterlesen<\/a><\/p>\n<\/div><\/div>\n","protected":false},"excerpt":{"rendered":"<p>Digitale Souver\u00e4nit\u00e4t in der WordPress-Praxis \u2013 die FAIR-Revolution In 2025 ist FAIR als dezentrale und von der Community verwaltete Antwort auf die Achillesferse des WordPress-\u00d6kosystems gestartet: das zentrale Update-System. In diesem Vortrag besch\u00e4ftigen wir uns nicht mit dem langweiligen Unterbau und den Hintergr\u00fcnden dieses Projekts, sondern werfen gemeinsam einen Blick auf die spannenden M\u00f6glichkeiten und [&hellip;]<\/p>\n","protected":false},"author":1,"featured_media":0,"parent":0,"menu_order":0,"comment_status":"closed","ping_status":"open","template":"","meta":{"webmentions_disabled_pings":false,"webmentions_disabled":false,"footnotes":""},"class_list":["post-2287","page","type-page","status-publish","hentry"],"_links":{"self":[{"href":"https:\/\/simon.blog\/de\/wp-json\/wp\/v2\/pages\/2287","targetHints":{"allow":["GET"]}}],"collection":[{"href":"https:\/\/simon.blog\/de\/wp-json\/wp\/v2\/pages"}],"about":[{"href":"https:\/\/simon.blog\/de\/wp-json\/wp\/v2\/types\/page"}],"author":[{"embeddable":true,"href":"https:\/\/simon.blog\/de\/wp-json\/wp\/v2\/users\/1"}],"replies":[{"embeddable":true,"href":"https:\/\/simon.blog\/de\/wp-json\/wp\/v2\/comments?post=2287"}],"version-history":[{"count":8,"href":"https:\/\/simon.blog\/de\/wp-json\/wp\/v2\/pages\/2287\/revisions"}],"predecessor-version":[{"id":6328,"href":"https:\/\/simon.blog\/de\/wp-json\/wp\/v2\/pages\/2287\/revisions\/6328"}],"wp:attachment":[{"href":"https:\/\/simon.blog\/de\/wp-json\/wp\/v2\/media?parent=2287"}],"curies":[{"name":"wp","href":"https:\/\/api.w.org\/{rel}","templated":true}]}}