{"id":2293,"date":"2025-01-02T23:48:23","date_gmt":"2025-01-02T22:48:23","guid":{"rendered":"https:\/\/simon.blog\/de\/?page_id=2293"},"modified":"2025-01-02T23:48:24","modified_gmt":"2025-01-02T22:48:24","slug":"amp","status":"publish","type":"page","link":"https:\/\/simon.blog\/de\/talks\/amp\/","title":{"rendered":"AMP &#8211; Like Dynamite"},"content":{"rendered":"\n<p>W\u00e4hrend Websites von Jahr zu Jahr gr\u00f6\u00dfer und langsamer werden, versucht Google mit AMP eine eingedampfte Version von HTML zu forcieren. Was sich nach einem Eingriff des Suchmaschinen-Giganten in unser Open-Source-\u00d6kosystem anf\u00fchlt, k\u00f6nnte sich als gro\u00dfe Hilfe f\u00fcr das freie Web erweisen.<\/p>\n\n\n\n<p>Im Kontext von WordPress als Content-Management-System stellen sich dann nat\u00fcrlich auch noch die Frage, wie AMP und WordPress miteinander verheiratet werden k\u00f6nnen. Au\u00dferdem werfen wir einen Blick auf die technischen Implikationen von AMP, Unterschiede und Gemeinsamkeiten zu HTML und m\u00f6gliche Alternativen.<\/p>\n\n\n\n<figure class=\"wp-block-embed alignwide is-type-rich is-provider-speaker-deck wp-block-embed-speaker-deck wp-embed-aspect-16-9 wp-has-aspect-ratio\"><div class=\"wp-block-embed__wrapper\">\n\t\t<div class=\"embed-privacy-container is-disabled embed-speaker-deck\" data-embed-id=\"oembed_cf7d2cdd56dd202911021bdf2df13354\" data-embed-provider=\"speaker-deck\" style=\"aspect-ratio: 640\/360;\">\t\t\t\t\t\t<button type=\"button\" class=\"embed-privacy-enable screen-reader-text\">\u201eAMP &#8211; Like Dynamite\u201c von Speaker Deck anzeigen<\/button>\t\t\t\t\t\t<div class=\"embed-privacy-overlay\">\t\t\t\t<div class=\"embed-privacy-inner\">\t\t\t\t\t<div class=\"embed-privacy-logo\" style=\"background-image: url(https:\/\/simon.blog\/de\/wp-content\/plugins\/embed-privacy\/assets\/images\/embed-speaker-deck.png?ver=1769265438);\"><\/div>\t\t<p>\t\tHier klicken, um den Inhalt von Speaker Deck anzuzeigen.\t\t\t\t\t<br>\t\t\t\t\tErfahre mehr in der <a href=\"https:\/\/speakerdeck.com\/privacy\" target=\"_blank\">Datenschutzerkl\u00e4rung von Speaker Deck<\/a>.\t\t<\/p>\t\t<p class=\"embed-privacy-input-wrapper\">\t\t\t<input id=\"embed-privacy-store-speaker-deck-cf7d2cdd56dd202911021bdf2df13354\" type=\"checkbox\" value=\"1\" class=\"embed-privacy-input\" data-embed-provider=\"speaker-deck\">\t\t\t<label for=\"embed-privacy-store-speaker-deck-cf7d2cdd56dd202911021bdf2df13354\" class=\"embed-privacy-label\" data-embed-provider=\"speaker-deck\">\t\t\t\tInhalt von Speaker Deck immer anzeigen\t\t\t<\/label>\t\t<\/p>\t\t\t\t\t\t<\/div>\t\t\t\t\t\t\t\t<div class=\"embed-privacy-footer\"><span class=\"embed-privacy-url\"><a href=\"https:\/\/speakerdeck.com\/krafit\/amp-like-dynamite\">\u201eAMP &#8211; Like Dynamite\u201c direkt \u00f6ffnen<\/a><\/span><\/div>\t\t\t<\/div>\t\t\t\t\t\t<div class=\"embed-privacy-content\">\t\t\t\t<script>var _oembed_cf7d2cdd56dd202911021bdf2df13354 = '{\\\"embed\\\":\\\"&lt;iframe title=&quot;AMP - Like Dynamite&quot; id=&quot;talk_frame_476719&quot; class=&quot;speakerdeck-iframe&quot; src=&quot;\\\\\/\\\\\/speakerdeck.com\\\\\/player\\\\\/96e8a809ed99495387aa7939f7635dc2&quot; width=&quot;640&quot; height=&quot;360&quot; style=&quot;aspect-ratio:640\\\\\/360; border:0; padding:0; margin:0; background:transparent;&quot; frameborder=&quot;0&quot; allowtransparency=&quot;true&quot; allowfullscreen=&quot;allowfullscreen&quot;&gt;&lt;\\\\\/iframe&gt;\\\"}';<\/script>\t\t\t<\/div>\t\t<\/div>\t\t\n<\/div><\/figure>\n\n\n\n<hr class=\"wp-block-separator has-css-opacity is-style-wide\"\/>\n\n\n\n<p><strong>Vortragssprache:<\/strong> Deutsch<br><strong>Zielgruppe:<\/strong> Einsteiger bis Fortgeschrittene<br><strong>Dauer:<\/strong>&nbsp;20min + Diskussion<\/p>\n\n\n\n<p><\/p>\n","protected":false},"excerpt":{"rendered":"<p>W\u00e4hrend Websites von Jahr zu Jahr gr\u00f6\u00dfer und langsamer werden, versucht Google mit AMP eine eingedampfte Version von HTML zu forcieren. Was sich nach einem Eingriff des Suchmaschinen-Giganten in unser Open-Source-\u00d6kosystem anf\u00fchlt, k\u00f6nnte sich als gro\u00dfe Hilfe f\u00fcr das freie Web erweisen. Im Kontext von WordPress als Content-Management-System stellen sich dann nat\u00fcrlich auch noch die [&hellip;]<\/p>\n","protected":false},"author":1,"featured_media":0,"parent":2287,"menu_order":0,"comment_status":"closed","ping_status":"open","template":"","meta":{"webmentions_disabled_pings":false,"webmentions_disabled":false,"footnotes":""},"class_list":["post-2293","page","type-page","status-publish","hentry"],"_links":{"self":[{"href":"https:\/\/simon.blog\/de\/wp-json\/wp\/v2\/pages\/2293","targetHints":{"allow":["GET"]}}],"collection":[{"href":"https:\/\/simon.blog\/de\/wp-json\/wp\/v2\/pages"}],"about":[{"href":"https:\/\/simon.blog\/de\/wp-json\/wp\/v2\/types\/page"}],"author":[{"embeddable":true,"href":"https:\/\/simon.blog\/de\/wp-json\/wp\/v2\/users\/1"}],"replies":[{"embeddable":true,"href":"https:\/\/simon.blog\/de\/wp-json\/wp\/v2\/comments?post=2293"}],"version-history":[{"count":1,"href":"https:\/\/simon.blog\/de\/wp-json\/wp\/v2\/pages\/2293\/revisions"}],"predecessor-version":[{"id":2294,"href":"https:\/\/simon.blog\/de\/wp-json\/wp\/v2\/pages\/2293\/revisions\/2294"}],"up":[{"embeddable":true,"href":"https:\/\/simon.blog\/de\/wp-json\/wp\/v2\/pages\/2287"}],"wp:attachment":[{"href":"https:\/\/simon.blog\/de\/wp-json\/wp\/v2\/media?parent=2293"}],"curies":[{"name":"wp","href":"https:\/\/api.w.org\/{rel}","templated":true}]}}