{"id":2295,"date":"2025-01-02T23:50:17","date_gmt":"2025-01-02T22:50:17","guid":{"rendered":"https:\/\/simon.blog\/de\/?page_id=2295"},"modified":"2025-01-02T23:50:18","modified_gmt":"2025-01-02T22:50:18","slug":"child-themes","status":"publish","type":"page","link":"https:\/\/simon.blog\/de\/talks\/child-themes\/","title":{"rendered":"Child-Themes, WordPress richtig anpassen"},"content":{"rendered":"\n<p>F\u00fcr Design-Anpassungen jeder Gr\u00f6\u00dfe und Art sind Child-Themes in WordPress nach wie vor die erste Wahl. Weil vorgefertigte Themes nie zu 100% passen, erlauben Child-Themes Anpassungen, ohne direkte Ver\u00e4nderungen am Code des eigentlichen Themes zu ermorden. Somit verbauen sich Anwenderinnen und Anwender nicht die M\u00f6glichkeit, ihre Themes von WordPress.org oder kommerziellen Entwicklern, in Zukunft zu aktualisieren.<\/p>\n\n\n\n<p>Neben den genauen&nbsp;<em>Mechaniken<\/em>&nbsp;von Child-Themes beleuchtet dieser Vortrag aber auch Situationen, in denen Alternative L\u00f6sungen vorzuziehen sind.<\/p>\n\n\n\n<hr class=\"wp-block-separator has-css-opacity is-style-wide\"\/>\n\n\n\n<p><strong>Vortragssprache:<\/strong>&nbsp;Deutsch<br><strong>Zielgruppe:<\/strong>&nbsp;Einsteiger<br><strong>Dauer:<\/strong>&nbsp;35min<\/p>\n","protected":false},"excerpt":{"rendered":"<p>F\u00fcr Design-Anpassungen jeder Gr\u00f6\u00dfe und Art sind Child-Themes in WordPress nach wie vor die erste Wahl. Weil vorgefertigte Themes nie zu 100% passen, erlauben Child-Themes Anpassungen, ohne direkte Ver\u00e4nderungen am Code des eigentlichen Themes zu ermorden. Somit verbauen sich Anwenderinnen und Anwender nicht die M\u00f6glichkeit, ihre Themes von WordPress.org oder kommerziellen Entwicklern, in Zukunft zu [&hellip;]<\/p>\n","protected":false},"author":1,"featured_media":0,"parent":2287,"menu_order":0,"comment_status":"closed","ping_status":"open","template":"","meta":{"webmentions_disabled_pings":false,"webmentions_disabled":false,"footnotes":""},"class_list":["post-2295","page","type-page","status-publish","hentry"],"_links":{"self":[{"href":"https:\/\/simon.blog\/de\/wp-json\/wp\/v2\/pages\/2295","targetHints":{"allow":["GET"]}}],"collection":[{"href":"https:\/\/simon.blog\/de\/wp-json\/wp\/v2\/pages"}],"about":[{"href":"https:\/\/simon.blog\/de\/wp-json\/wp\/v2\/types\/page"}],"author":[{"embeddable":true,"href":"https:\/\/simon.blog\/de\/wp-json\/wp\/v2\/users\/1"}],"replies":[{"embeddable":true,"href":"https:\/\/simon.blog\/de\/wp-json\/wp\/v2\/comments?post=2295"}],"version-history":[{"count":1,"href":"https:\/\/simon.blog\/de\/wp-json\/wp\/v2\/pages\/2295\/revisions"}],"predecessor-version":[{"id":2296,"href":"https:\/\/simon.blog\/de\/wp-json\/wp\/v2\/pages\/2295\/revisions\/2296"}],"up":[{"embeddable":true,"href":"https:\/\/simon.blog\/de\/wp-json\/wp\/v2\/pages\/2287"}],"wp:attachment":[{"href":"https:\/\/simon.blog\/de\/wp-json\/wp\/v2\/media?parent=2295"}],"curies":[{"name":"wp","href":"https:\/\/api.w.org\/{rel}","templated":true}]}}