{"id":2297,"date":"2025-01-02T23:51:46","date_gmt":"2025-01-02T22:51:46","guid":{"rendered":"https:\/\/simon.blog\/de\/?page_id=2297"},"modified":"2025-01-02T23:51:47","modified_gmt":"2025-01-02T22:51:47","slug":"block-editor","status":"publish","type":"page","link":"https:\/\/simon.blog\/de\/talks\/block-editor\/","title":{"rendered":"Der neue WP Block-Editor"},"content":{"rendered":"\n<p>Mit WordPress 5.0 wird ein neuer Inhaltseditor das Licht der Welt erblicken. In diesem Vortrag unternehmen wir einen kleinen Ausflug in die Tiefen des neuen Editors, lernen \u00fcber Inhaltsbl\u00f6cke kennen, sehen uns die Umstellung bestehender Inhalte an und sprechen \u00fcber Kontroversen w\u00e4hrend der Entwicklung des &#8222;Gutenberg&#8220; genannten Projekts, das mehr als nur den WordPress Editor ver\u00e4ndern soll.<\/p>\n\n\n\n<hr class=\"wp-block-separator has-css-opacity is-style-wide\"\/>\n\n\n\n<p><strong>Vortragssprache:<\/strong>&nbsp;Deutsch<br><strong>Zielgruppe:<\/strong>&nbsp;Einsteiger bis Fortgeschrittene<br><strong>Dauer:<\/strong>&nbsp;30min + Diskussion<\/p>\n","protected":false},"excerpt":{"rendered":"<p>Mit WordPress 5.0 wird ein neuer Inhaltseditor das Licht der Welt erblicken. In diesem Vortrag unternehmen wir einen kleinen Ausflug in die Tiefen des neuen Editors, lernen \u00fcber Inhaltsbl\u00f6cke kennen, sehen uns die Umstellung bestehender Inhalte an und sprechen \u00fcber Kontroversen w\u00e4hrend der Entwicklung des &#8222;Gutenberg&#8220; genannten Projekts, das mehr als nur den WordPress Editor [&hellip;]<\/p>\n","protected":false},"author":1,"featured_media":0,"parent":2287,"menu_order":0,"comment_status":"closed","ping_status":"open","template":"","meta":{"webmentions_disabled_pings":false,"webmentions_disabled":false,"footnotes":""},"class_list":["post-2297","page","type-page","status-publish","hentry"],"_links":{"self":[{"href":"https:\/\/simon.blog\/de\/wp-json\/wp\/v2\/pages\/2297","targetHints":{"allow":["GET"]}}],"collection":[{"href":"https:\/\/simon.blog\/de\/wp-json\/wp\/v2\/pages"}],"about":[{"href":"https:\/\/simon.blog\/de\/wp-json\/wp\/v2\/types\/page"}],"author":[{"embeddable":true,"href":"https:\/\/simon.blog\/de\/wp-json\/wp\/v2\/users\/1"}],"replies":[{"embeddable":true,"href":"https:\/\/simon.blog\/de\/wp-json\/wp\/v2\/comments?post=2297"}],"version-history":[{"count":1,"href":"https:\/\/simon.blog\/de\/wp-json\/wp\/v2\/pages\/2297\/revisions"}],"predecessor-version":[{"id":2298,"href":"https:\/\/simon.blog\/de\/wp-json\/wp\/v2\/pages\/2297\/revisions\/2298"}],"up":[{"embeddable":true,"href":"https:\/\/simon.blog\/de\/wp-json\/wp\/v2\/pages\/2287"}],"wp:attachment":[{"href":"https:\/\/simon.blog\/de\/wp-json\/wp\/v2\/media?parent=2297"}],"curies":[{"name":"wp","href":"https:\/\/api.w.org\/{rel}","templated":true}]}}